{"id":775,"date":"2016-08-12T16:09:58","date_gmt":"2016-08-12T14:09:58","guid":{"rendered":"http:\/\/web3.ffw-erlenbach-stadt.de\/?page_id=775"},"modified":"2021-01-27T22:57:51","modified_gmt":"2021-01-27T21:57:51","slug":"geraetewagen-sonder","status":"publish","type":"page","link":"https:\/\/ffw-erlenbach-stadt.de\/index.php\/feuerwehr\/fahrzeuge\/geraetewagen-sonder\/","title":{"rendered":"Ger\u00e4tewagen &#8211; GW-S"},"content":{"rendered":"<p><img fetchpriority=\"high\" decoding=\"async\" class=\"wp-image-4207 size-full alignnone\" src=\"\/wp-content\/uploads\/2016\/08\/GW7.jpg\" alt=\"gw7\" width=\"581\" height=\"397\" srcset=\"https:\/\/ffw-erlenbach-stadt.de\/wp-content\/uploads\/2016\/08\/GW7.jpg 581w, https:\/\/ffw-erlenbach-stadt.de\/wp-content\/uploads\/2016\/08\/GW7-300x205.jpg 300w\" sizes=\"(max-width: 581px) 100vw, 581px\" \/><\/p>\n<p>&nbsp;<\/p>\n<div><b>Rufnahme:&nbsp;<\/b><i>Florian Erlenbach 59\/1<\/i><\/div>\n<div>&nbsp;<\/div>\n<div><b>Baujahr:&nbsp;<\/b><i>1987, Umbau zum FF-Fahrzeug in Eigenleistung 2013<\/i><\/div>\n<div>&nbsp;<\/div>\n<div><b>im Dienst seit:&nbsp;<\/b><i>2014<\/i><\/div>\n<div>&nbsp;<\/div>\n<div><b>Besatzung:<\/b>&nbsp;<i>1\/2<\/i><\/div>\n<div>&nbsp;<\/div>\n<div><b>Ausr\u00fcstung:<\/b><\/div>\n<ul type=\"disc\">\n<li><i>Tauchpumpe<\/i><\/li>\n<li><i>Wassersauger<\/i><\/li>\n<li><i>Motors\u00e4ge<\/i><\/li>\n<li><i>\u00d6lschadenger\u00e4te<\/i><\/li>\n<li><i>\u00d6lbindemittel<\/i><\/li>\n<li><em>\u00d6lwarnschilder<\/em><\/li>\n<li><i>Verkehrsabsicherungsmaterial<\/i><\/li>\n<li><i>starrer Lichtmast<\/i><\/li>\n<li><i>Rollwagen:Strom\/Beleuchtung<\/i><\/li>\n<li><em>Schleifkorbtrage<\/em><\/li>\n<li><em>Kleinwerkzeuge<\/em><\/li>\n<li><i>b. B. Wasserbeh\u00e4lter, Gitterbox <\/i><\/li>\n<\/ul>\n<div><b>wird eingesetzt:<\/b><\/div>\n<ul>\n<li><em>Technische Hilfeleistungen<\/em><\/li>\n<li><em>Materialtransport \/ Nachschub<\/em><\/li>\n<\/ul>\n<div>&nbsp;<\/div>\n<div><b>weitere Informationen:<\/b><\/div>\n<div>&nbsp;<\/div>\n<div><i>Nachdem im Oktober 2013 der Umimog als Bundeswehrfahrzeug abgeholt wurde&#8230;.. konnte nach \u00fcber 750 Arbeitsstunden Eigenleistung der Feuerwehr Erlenbach und weiteren Stunden bei diversen Firmen das Fahrzeug nach der erfolgreichen T\u00dcV Abnahme im M\u00e4rz 2014 in den Dienst \u00fcbernommen werden. Das Fahrzeug r\u00fcckt in der Regel bei den meisten technischen Hilfeleistungen mit aus.&nbsp;<\/i><\/div>\n<div>&nbsp;<\/div>\n<div><i><u>Hier eine kleine Auflistung was u. a. in Eigenleistung erledigt wurde:<\/u><\/i><\/div>\n<div>&nbsp;<\/div>\n<ul type=\"disc\">\n<li><i>Vorbereitung zur Lackierung (komplett zerlegt)<\/i><\/li>\n<li><i>Rahmenverl\u00e4ngerung<\/i><\/li>\n<li><i>Feuerwehrtechnische Signale eingebaut und verkabelt&nbsp;(Blaulicht und Martinshorn)<\/i><\/li>\n<li><i>Astabweiser<\/i><\/li>\n<li><i>Planengestell aufgebaut<\/i><\/li>\n<li><i>Verl\u00e4ngerung und Modifizierung der Pritsche<\/i><\/li>\n<li><i>Bau eines Regals auf der Ladefl\u00e4che f\u00fcr Feuerwehrbeladung<\/i><\/li>\n<li><i>Anbau der Ladebordwand<\/i><\/li>\n<li><i>Anbau von Lampen und Leuchten&nbsp;<\/i><\/li>\n<li><i>Nach der Lackierung wieder zusammengebaut<\/i><\/li>\n<li><i>Komplette Elektrik modifiziert<\/i><\/li>\n<\/ul>\n<div><i><u>Desweitern wurde diverse Arbeiten von Firmen erledigt:<\/u><\/i><\/div>\n<div>&nbsp;<\/div>\n<ul type=\"disc\">\n<li><i>Lackierungen<\/i><\/li>\n<li><i>Plane und Sattlerarbeiten<\/i><\/li>\n<li><i>Beschriftung&nbsp;<\/i><\/li>\n<li><i>T\u00dcV Abnahme<\/i><\/li>\n<\/ul>\n<div>&nbsp;<\/div>\n<div><i><u>Technische Daten:<\/u><\/i><\/div>\n<div>&nbsp;<\/div>\n<div><i>Motor:<\/i><\/div>\n<div>&nbsp;<\/div>\n<ul>\n<li><i>136 PS bei 2400 U\/min<\/i><\/li>\n<li><i>6 Zylinder Turbo Reihenmotor wassergek\u00fchlt<\/i><\/li>\n<li><i>5636 ccm Hubraum<\/i><\/li>\n<\/ul>\n<div>&nbsp;<\/div>\n<div>&nbsp;<i>Getriebe:<\/i><\/div>\n<div>&nbsp;<\/div>\n<ul>\n<li><i>8-Gang Schaltgetriebe (8 Vorw\u00f6rts, 4 R\u00fcckw\u00e4rtsg\u00e4nge)<\/i><\/li>\n<li><i>zuschaltbarer Allrad<\/i><\/li>\n<li><i>zuschaltbare Differentialsperre 100% Vorder und Hinterachse<\/i><\/li>\n<li><i>Radstand 3,25 m<\/i><\/li>\n<li><i>Tankinhalt 120 Liter<\/i><\/li>\n<\/ul>\n<div>&nbsp;<i>Anh\u00e4ngerkupplungen:<\/i><\/div>\n<div>&nbsp;<\/div>\n<ul>\n<li><i>Maulkupplung bis max. 5000kg<\/i><\/li>\n<li><i>Kugelkopfkuppling bis max. 3500 kg<\/i><\/li>\n<\/ul>\n<div>&nbsp;<\/div>\n<div><i>hydraulische Ladebordwand:<\/i><\/div>\n<div>&nbsp;<\/div>\n<ul type=\"disc\">\n<li><i>Tragkraft bis max. 1000 kg<\/i><\/li>\n<\/ul>\n<div>&nbsp;<\/div>\n<div><i>Fahrzeugma\u00dfe:<\/i><\/div>\n<div>&nbsp;<\/div>\n<ul type=\"disc\">\n<li><i>L\u00e4nge: 5,8 m<\/i><\/li>\n<li><i>Breite: 2,3 m<\/i><\/li>\n<li><i>H\u00f6he: 3,15 m<\/i><\/li>\n<\/ul>\nngg_shortcode_0_placeholder\n","protected":false},"excerpt":{"rendered":"<p>&nbsp; Rufnahme:&nbsp;Florian Erlenbach 59\/1 &nbsp; Baujahr:&nbsp;1987, Umbau zum FF-Fahrzeug in Eigenleistung 2013 &nbsp; im Dienst seit:&nbsp;2014 &nbsp; Besatzung:&nbsp;1\/2 &nbsp; Ausr\u00fcstung: Tauchpumpe Wassersauger Motors\u00e4ge \u00d6lschadenger\u00e4te \u00d6lbindemittel \u00d6lwarnschilder Verkehrsabsicherungsmaterial starrer Lichtmast Rollwagen:Strom\/Beleuchtung &#8230;<\/p>\n","protected":false},"author":1,"featured_media":4207,"parent":19580,"menu_order":0,"comment_status":"closed","ping_status":"closed","template":"","meta":{"ngg_post_thumbnail":0,"footnotes":""},"class_list":["post-775","page","type-page","status-publish","has-post-thumbnail","hentry"],"_links":{"self":[{"href":"https:\/\/ffw-erlenbach-stadt.de\/index.php\/wp-json\/wp\/v2\/pages\/775","targetHints":{"allow":["GET"]}}],"collection":[{"href":"https:\/\/ffw-erlenbach-stadt.de\/index.php\/wp-json\/wp\/v2\/pages"}],"about":[{"href":"https:\/\/ffw-erlenbach-stadt.de\/index.php\/wp-json\/wp\/v2\/types\/page"}],"author":[{"embeddable":true,"href":"https:\/\/ffw-erlenbach-stadt.de\/index.php\/wp-json\/wp\/v2\/users\/1"}],"replies":[{"embeddable":true,"href":"https:\/\/ffw-erlenbach-stadt.de\/index.php\/wp-json\/wp\/v2\/comments?post=775"}],"version-history":[{"count":1,"href":"https:\/\/ffw-erlenbach-stadt.de\/index.php\/wp-json\/wp\/v2\/pages\/775\/revisions"}],"predecessor-version":[{"id":10669,"href":"https:\/\/ffw-erlenbach-stadt.de\/index.php\/wp-json\/wp\/v2\/pages\/775\/revisions\/10669"}],"up":[{"embeddable":true,"href":"https:\/\/ffw-erlenbach-stadt.de\/index.php\/wp-json\/wp\/v2\/pages\/19580"}],"wp:featuredmedia":[{"embeddable":true,"href":"https:\/\/ffw-erlenbach-stadt.de\/index.php\/wp-json\/wp\/v2\/media\/4207"}],"wp:attachment":[{"href":"https:\/\/ffw-erlenbach-stadt.de\/index.php\/wp-json\/wp\/v2\/media?parent=775"}],"curies":[{"name":"wp","href":"https:\/\/api.w.org\/{rel}","templated":true}]}}